{"id":87,"date":"2024-04-19T19:25:48","date_gmt":"2024-04-19T19:25:48","guid":{"rendered":"https:\/\/eiksmarkagarasjer.no\/?page_id=87"},"modified":"2024-04-19T20:03:08","modified_gmt":"2024-04-19T20:03:08","slug":"leie-utleie-av-parkeringsplass","status":"publish","type":"page","link":"https:\/\/eiksmarkagarasjer.no\/index.php\/leie-utleie-av-parkeringsplass\/","title":{"rendered":"Leie \/ utleie av parkeringsplass"},"content":{"rendered":"<p>Her kan du legge inn en foresp\u00f8rsel om leie av parkeringsplass. Parkeringsplassen er i utgangspunktet fortrinnsvis for aksjon\u00e6rer, men kan leies ut p\u00e5 kort sikt. (1 \u00e5r, f\u00f8r man m\u00e5 fornye leieavtale)<br \/>\nAvtalen vil bli gjort direkte med eier av plassen og utleier som avtaler leie sum. Eiksmarka garasjer As er bare et formidlingspunkt for de som \u00f8nsker \u00e5 leie ut eller leie plass. Alle som leier m\u00e5 forholde seg til gjeldende ordensregler.<br \/>\nEier av plassen st\u00e5r juridisk ansvarlig for innbetalinger av felleskostnader. Oppgj\u00f8r mellom eier og leier m\u00e5 gj\u00f8res mellom partene.<\/p>\n<p>Utleier m\u00e5 f\u00e5 dette med i leieavtalen: Utleier har mulighet til \u00e5 si opp leieavtalen ovenfor leier hvis ordensregler brytes, eller at det er andre omstendigheter for garasje anlegget som vil p\u00e5virke leie forholdet.<\/p>\n<div class=\"wpforms-container wpforms-container-full wpforms-render-modern\" id=\"wpforms-78\"><form id=\"wpforms-form-78\" class=\"wpforms-validate wpforms-form wpforms-ajax-form\" data-formid=\"78\" method=\"post\" enctype=\"multipart\/form-data\" action=\"\/index.php\/wp-json\/wp\/v2\/pages\/87\" data-token=\"a8a65e6a1aa024a71f7e4dda81ca5e89\" data-token-time=\"1778754116\"><noscript class=\"wpforms-error-noscript\">Please enable JavaScript in your browser to complete this form.<\/noscript><div class=\"wpforms-hidden\" id=\"wpforms-error-noscript\">Please enable JavaScript in your browser to complete this form.<\/div><div class=\"wpforms-field-container\"><div id=\"wpforms-78-field_0-container\" class=\"wpforms-field wpforms-field-name\" data-field-id=\"0\"><fieldset><legend class=\"wpforms-field-label\">Navn  <span class=\"wpforms-required-label\" aria-hidden=\"true\">*<\/span><\/legend><div class=\"wpforms-field-row wpforms-field-medium\"><div class=\"wpforms-field-row-block wpforms-first wpforms-one-half\"><input type=\"text\" id=\"wpforms-78-field_0\" class=\"wpforms-field-name-first wpforms-field-required\" name=\"wpforms[fields][0][first]\" aria-errormessage=\"wpforms-78-field_0-error\" required><label for=\"wpforms-78-field_0\" class=\"wpforms-field-sublabel after\">First<\/label><\/div><div class=\"wpforms-field-row-block wpforms-one-half\"><input type=\"text\" id=\"wpforms-78-field_0-last\" class=\"wpforms-field-name-last wpforms-field-required\" name=\"wpforms[fields][0][last]\" aria-errormessage=\"wpforms-78-field_0-last-error\" required><label for=\"wpforms-78-field_0-last\" class=\"wpforms-field-sublabel after\">Last<\/label><\/div><\/div><\/fieldset><\/div><div id=\"wpforms-78-field_1-container\" class=\"wpforms-field wpforms-field-email\" data-field-id=\"1\"><label class=\"wpforms-field-label\" for=\"wpforms-78-field_1\">Email <span class=\"wpforms-required-label\" aria-hidden=\"true\">*<\/span><\/label><input type=\"email\" id=\"wpforms-78-field_1\" class=\"wpforms-field-medium wpforms-field-required\" name=\"wpforms[fields][1]\" spellcheck=\"false\" aria-errormessage=\"wpforms-78-field_1-error\" required><\/div><div id=\"wpforms-78-field_3-container\" class=\"wpforms-field wpforms-field-number\" data-field-id=\"3\"><label class=\"wpforms-field-label\" for=\"wpforms-78-field_3\">Telefon nummer <span class=\"wpforms-required-label\" aria-hidden=\"true\">*<\/span><\/label><input type=\"number\" id=\"wpforms-78-field_3\" class=\"wpforms-field-medium wpforms-field-required\" name=\"wpforms[fields][3]\" step=\"any\" aria-errormessage=\"wpforms-78-field_3-error\" required><\/div><div id=\"wpforms-78-field_2-container\" class=\"wpforms-field wpforms-field-textarea\" data-field-id=\"2\"><label class=\"wpforms-field-label\" for=\"wpforms-78-field_2\">Skriv inn om du \u00f8nsker \u00e5 leie parkeringplass eller om du \u00f8nsker \u00e5 leie ut garasjeplass. (Utleie skriv inn garasjeplass nummer) <span class=\"wpforms-required-label\" aria-hidden=\"true\">*<\/span><\/label><textarea id=\"wpforms-78-field_2\" class=\"wpforms-field-medium wpforms-field-required\" name=\"wpforms[fields][2]\" aria-errormessage=\"wpforms-78-field_2-error\" required><\/textarea><\/div><\/div><!-- .wpforms-field-container --><div class=\"wpforms-submit-container\" ><input type=\"hidden\" name=\"wpforms[id]\" value=\"78\"><input type=\"hidden\" name=\"page_title\" value=\"\"><input type=\"hidden\" name=\"page_url\" value=\"https:\/\/eiksmarkagarasjer.no\/index.php\/wp-json\/wp\/v2\/pages\/87\"><input type=\"hidden\" name=\"url_referer\" value=\"\"><button type=\"submit\" name=\"wpforms[submit]\" id=\"wpforms-submit-78\" class=\"wpforms-submit\" data-alt-text=\"Sending...\" data-submit-text=\"Submit\" aria-live=\"assertive\" value=\"wpforms-submit\">Submit<\/button><img loading=\"lazy\" decoding=\"async\" src=\"https:\/\/eiksmarkagarasjer.no\/wp-content\/plugins\/wpforms-lite\/assets\/images\/submit-spin.svg\" class=\"wpforms-submit-spinner\" style=\"display: none;\" width=\"26\" height=\"26\" alt=\"Loading\"><\/div><\/form><\/div>  <!-- .wpforms-container -->\n<p>&nbsp;<\/p>\n<p>Leie ut parkeringsplass:<\/p>\n<p>&nbsp;<\/p>\n<p>\u00d8nsker \u00e5 leie parkeringsplass:<\/p>\n","protected":false},"excerpt":{"rendered":"<p>Her kan du legge inn en foresp\u00f8rsel om leie av parkeringsplass. Parkeringsplassen er i utgangspunktet fortrinnsvis for aksjon\u00e6rer, men kan leies ut p\u00e5 kort sikt. (1 \u00e5r, f\u00f8r man m\u00e5 fornye leieavtale) Avtalen vil bli gjort direkte med eier av plassen og utleier som avtaler leie sum. Eiksmarka garasjer As er bare et formidlingspunkt for [&hellip;]<\/p>\n","protected":false},"author":1,"featured_media":0,"parent":0,"menu_order":0,"comment_status":"closed","ping_status":"closed","template":"","meta":{"footnotes":""},"class_list":["post-87","page","type-page","status-publish","hentry"],"jetpack_sharing_enabled":true,"_links":{"self":[{"href":"https:\/\/eiksmarkagarasjer.no\/index.php\/wp-json\/wp\/v2\/pages\/87","targetHints":{"allow":["GET"]}}],"collection":[{"href":"https:\/\/eiksmarkagarasjer.no\/index.php\/wp-json\/wp\/v2\/pages"}],"about":[{"href":"https:\/\/eiksmarkagarasjer.no\/index.php\/wp-json\/wp\/v2\/types\/page"}],"author":[{"embeddable":true,"href":"https:\/\/eiksmarkagarasjer.no\/index.php\/wp-json\/wp\/v2\/users\/1"}],"replies":[{"embeddable":true,"href":"https:\/\/eiksmarkagarasjer.no\/index.php\/wp-json\/wp\/v2\/comments?post=87"}],"version-history":[{"count":4,"href":"https:\/\/eiksmarkagarasjer.no\/index.php\/wp-json\/wp\/v2\/pages\/87\/revisions"}],"predecessor-version":[{"id":94,"href":"https:\/\/eiksmarkagarasjer.no\/index.php\/wp-json\/wp\/v2\/pages\/87\/revisions\/94"}],"wp:attachment":[{"href":"https:\/\/eiksmarkagarasjer.no\/index.php\/wp-json\/wp\/v2\/media?parent=87"}],"curies":[{"name":"wp","href":"https:\/\/api.w.org\/{rel}","templated":true}]}}