{"id":106,"date":"2024-09-10T13:47:51","date_gmt":"2024-09-10T13:47:51","guid":{"rendered":"https:\/\/eiksmarkagarasjer.no\/?page_id=106"},"modified":"2024-10-08T21:48:30","modified_gmt":"2024-10-08T21:48:30","slug":"ekstraordinaer-generalforsamling-2024","status":"publish","type":"page","link":"https:\/\/eiksmarkagarasjer.no\/index.php\/ekstraordinaer-generalforsamling-2024\/","title":{"rendered":"Ekstraordin\u00e6r Generalforsamling 2024"},"content":{"rendered":"<p><strong>Til aksjon\u00e6rene i Eiksmarka Garasjer,<\/strong><\/p>\n<p>Vi \u00f8nsker med dette \u00e5 informere om at det er innkalt til <strong>ekstraordin\u00e6r generalforsamling<\/strong> den <strong>13. november kl. 18.00 sted\u00a0 Eiksmarka Vel.<\/strong><br \/>\nHovedsaken p\u00e5 agendaen er avstemning om hva vi skal gj\u00f8re med de eksisterende bygningene for garasjeplasser.<\/p>\n<p>Den n\u00e5v\u00e6rende bygningsmassen har blitt vurdert til \u00e5 v\u00e6re <strong>saneringsmoden<\/strong>, og styret har over flere \u00e5r arbeidet med \u00e5 finne hensiktsmessige l\u00f8sninger. Etter en grundig vurdering har styret kommet frem til at det er to alternativer som det b\u00f8r tas stilling til.<\/p>\n<p><strong>Alternativ 1:<\/strong><\/p>\n<p>Bygge nye garasjer finansiert gjennom bankl\u00e5n: En rapport estimerer kostnadene for \u00e5 bygge nye garasjeanlegg til rundt 20- 25 millioner kroner. Dette alternativet krever finansiering gjennom bankl\u00e5n, med en ansl\u00e5tt m\u00e5nedlig kostnad per parkeringsplass mellom kr 2.500 til kr 5.000 kroner over en periode p\u00e5 10 \u00e5r. Siden Eiksmarka Garasjer er et AS s\u00e5 er signalene at vi ikke f\u00e5r lengere l\u00e5n enn p\u00e5 10 \u00e5r. Det er noe usikkerhet p\u00e5 hva total pris blir, men estimatet vi har hentet inn ligger mellom 10 millioner til 16 millioner for bygging av nye garasjeplasser, pluss kapitalkostnad for l\u00e5n i denne perioden.<\/p>\n<p><strong>Alternativ 2:<br \/>\n<\/strong> Inng\u00e5 avtale med utbygger for nye garasjeplasser under bakken: Dette alternativet inneb\u00e6rer \u00e5 selge tomten til en utbygger, som vil finansiere og bygge 65 nye garasjeplasser i henhold til dagens standard. Aksjon\u00e6rene vil eie plassene i fremtiden, og fordeler inkluderer ladeopplegg for elbiler p\u00e5 alle plasser, oppvarmet garasje \u00e5ret rundt, og lave felleskostnader. Utbygger tilbyr ogs\u00e5 \u00e5 kompensere for den skattemessige verdi\u00f8kningen av garasjeplassene og gir aksjon\u00e6rene f\u00f8rste rett til \u00e5 kj\u00f8pe rekkehus p\u00e5 tomten.<\/p>\n<p><strong>Alternativ 3<\/strong>:<br \/>\nHvis vi ikke f\u00e5r til alternativene over, s\u00e5 m\u00e5 vi vurdere en kapitalforh\u00f8yelse fra aksjon\u00e6rene.<\/p>\n<p>Styret har engasjert en advokat for \u00e5 unders\u00f8ke de juridiske konsekvensene av begge alternativene, spesielt med tanke p\u00e5 aksjon\u00e6rene i Eiksmarka Garasjer. Vi arrangerer en ekstraordin\u00e6r generalforsamling den 14 november kl 18:00 sted Eiksmarka Vel, \u00a0Niels Leuchs vei 40, for \u00e5 stemme over alternativ 1 og alternativ 2.<\/p>\n<p>Vi oppfordrer alle aksjon\u00e6rer til \u00e5 n\u00f8ye vurdere begge alternativene og ta del i beslutningsprosessen. Dette er en viktig milep\u00e6l for Eiksmarka Garasjer, og vi verdsetter deres deltakelse og engasjement.<\/p>\n<p>Vedlagt finner dere flere rapporter som har blitt utarbeidet for \u00e5 gi aksjon\u00e6rer, sameiere og selskaper tilstrekkelig informasjon til \u00e5 kunne fatte en beslutning p\u00e5 den kommende ekstraordin\u00e6re generalforsamlingen. Det er ogs\u00e5 lagt ved en <strong>juridisk vurdering for \u00e5 hjelpe eierne, s\u00e6rlig sameiere og firmaer, med \u00e5 forst\u00e5 de rettslige aspektene ved deres egne ekstraordin\u00e6re\u00a0 generalforsamling.<\/strong><\/p>\n<ul>\n<li><a href=\"https:\/\/eiksmarkagarasjer.no\/wp-content\/uploads\/2024\/09\/Eiksmarka-Garasjer-AS-vurdering-juridisk.pdf\">Juridisk voteringsreglene for eiere.<\/a><\/li>\n<li><a href=\"https:\/\/eiksmarkagarasjer.no\/wp-content\/uploads\/2024\/09\/Informasjon-til-Aksjonaerene-i-Eiksmarka-Garasjer.pdf\">Informasjonsbrev fra styret<\/a><\/li>\n<li><a href=\"https:\/\/eiksmarkagarasjer.no\/wp-content\/uploads\/2024\/09\/Presentasjon-__Prosjekt_2024.pdf\">Presentasjon fra styret<\/a><\/li>\n<li><a href=\"https:\/\/eiksmarkagarasjer.no\/wp-content\/uploads\/2024\/09\/Vurdering-av-rive-eksisterende-garasje-anlegg.pdf\">Vurderingsrapport eksisterende garasjer.<\/a><\/li>\n<li><a href=\"https:\/\/eiksmarkagarasjer.no\/wp-content\/uploads\/2024\/09\/presentasjon_Solid_2024-v1.pdf\">Presentasjon fra Solid &#8211; Utbygger<\/a><\/li>\n<li><a href=\"https:\/\/eiksmarkagarasjer.no\/wp-content\/uploads\/2024\/10\/Tilbud-rekkegarasje-65-stk-Eiksmarka-juli-2024.pdf\">Tilbud rekkegarasje 65 stk Eiksmarka juli 2024<\/a><\/li>\n<li><a href=\"https:\/\/eiksmarkagarasjer.no\/wp-content\/uploads\/2024\/10\/elektro.pdf\">elektro<\/a><\/li>\n<\/ul>\n<p>Vi ber dere om \u00e5 gjennomg\u00e5 dokumentene n\u00f8ye f\u00f8r m\u00f8tet, slik at vi sammen kan ta et godt og informert valg for fremtiden til Eiksmarka Garasjer. <strong>De som eier aksjer gjennom samiere og bedrifter b\u00f8r ha en ekstra ordin\u00e6r generalfosamling i forkant for \u00e5 ta standpunkt til disse to alternativene som vi skal stemme over den 13 november.<\/strong><\/p>\n<p>Vi ser frem til deres deltakelse p\u00e5 m\u00f8tet.<\/p>\n<p>Med vennlig hilsen,<br \/>\n<strong>Styret i Eiksmarka Garasjer<\/strong><\/p>\n<p>&nbsp;<\/p>\n<p style=\"text-align: left;\">Truls Gulbrandsen\u00a0 &#8211; Styreleder<\/p>\n<p style=\"text-align: left;\">Skjalg Utheim &#8211; Styremedlem<\/p>\n<p style=\"text-align: left;\">Anne Gro M\u00e6land &#8211; Styremeldem<\/p>\n<p style=\"text-align: left;\">E-post: <a href=\"mailto:styret@eiksmarkagarasjer.no\">styret@eiksmarkagarasjer.no<\/a><\/p>\n","protected":false},"excerpt":{"rendered":"<p>Til aksjon\u00e6rene i Eiksmarka Garasjer, Vi \u00f8nsker med dette \u00e5 informere om at det er innkalt til ekstraordin\u00e6r generalforsamling den 13. november kl. 18.00 sted\u00a0 Eiksmarka Vel. Hovedsaken p\u00e5 agendaen er avstemning om hva vi skal gj\u00f8re med de eksisterende bygningene for garasjeplasser. Den n\u00e5v\u00e6rende bygningsmassen har blitt vurdert til \u00e5 v\u00e6re saneringsmoden, og styret [&hellip;]<\/p>\n","protected":false},"author":1,"featured_media":0,"parent":0,"menu_order":0,"comment_status":"closed","ping_status":"closed","template":"","meta":{"footnotes":""},"class_list":["post-106","page","type-page","status-publish","hentry"],"jetpack_sharing_enabled":true,"_links":{"self":[{"href":"https:\/\/eiksmarkagarasjer.no\/index.php\/wp-json\/wp\/v2\/pages\/106","targetHints":{"allow":["GET"]}}],"collection":[{"href":"https:\/\/eiksmarkagarasjer.no\/index.php\/wp-json\/wp\/v2\/pages"}],"about":[{"href":"https:\/\/eiksmarkagarasjer.no\/index.php\/wp-json\/wp\/v2\/types\/page"}],"author":[{"embeddable":true,"href":"https:\/\/eiksmarkagarasjer.no\/index.php\/wp-json\/wp\/v2\/users\/1"}],"replies":[{"embeddable":true,"href":"https:\/\/eiksmarkagarasjer.no\/index.php\/wp-json\/wp\/v2\/comments?post=106"}],"version-history":[{"count":21,"href":"https:\/\/eiksmarkagarasjer.no\/index.php\/wp-json\/wp\/v2\/pages\/106\/revisions"}],"predecessor-version":[{"id":147,"href":"https:\/\/eiksmarkagarasjer.no\/index.php\/wp-json\/wp\/v2\/pages\/106\/revisions\/147"}],"wp:attachment":[{"href":"https:\/\/eiksmarkagarasjer.no\/index.php\/wp-json\/wp\/v2\/media?parent=106"}],"curies":[{"name":"wp","href":"https:\/\/api.w.org\/{rel}","templated":true}]}}